{"id":2069,"date":"2026-04-15T18:26:22","date_gmt":"2026-04-15T09:26:22","guid":{"rendered":"https:\/\/nicolab-oki.com\/?page_id=2069"},"modified":"2026-04-15T18:54:38","modified_gmt":"2026-04-15T09:54:38","slug":"nico-lab-%e7%a0%94%e4%bf%ae%e4%bc%9a%e7%94%b3%e8%be%bc%e3%81%bf%e3%83%95%e3%82%a9%e3%83%bc%e3%83%a0","status":"publish","type":"page","link":"https:\/\/nicolab-oki.com\/?page_id=2069","title":{"rendered":"nico lab. \u7814\u4fee\u4f1a\u7533\u8fbc\u307f\u30d5\u30a9\u30fc\u30e0"},"content":{"rendered":"\n<h2 class=\"wp-block-heading has-text-align-center has-large-font-size\"><span><span data-fontsize=\"26px\" style=\"\" class=\"vk_inline-font-size\"><span data-color=\"#f78da7\" style=\"--vk-highlighter-color: rgba(247, 141, 167, 0.7);\" class=\"vk_highlighter\"><span style=\"font-size: 26px;\">\uff14\u6708\u306e nico lab.\u7814\u4fee\u4f1a<\/span><\/span><\/span><\/span><br>\u3010\u7acb\u4f4d\u59ff\u52e2\u3067\u306e\u8a55\u4fa1\u30dd\u30a4\u30f3\u30c8\u3068\u4ecb\u5165\u3011<\/h2>\n\n\n\n<p class=\"has-text-align-center\" style=\"font-size:1.4rem\">\ud83d\udd39 <strong><span data-color=\"#8ed1fc\" style=\"--vk-highlighter-color: rgba(142, 209, 252, 0.7);\" class=\"vk_highlighter\">\u7acb\u4f4d\u306b\u304a\u3051\u308b\u4e0a\u80a2\u30fb\u80a9\u7532\u5e2f\u306e\u91cd\u8981\u6027<\/span><\/strong>\ud83d\udd39<\/p>\n\n\n\n<div class=\"wp-block-columns is-layout-flex wp-container-core-columns-is-layout-28f84493 wp-block-columns-is-layout-flex\">\n<div class=\"wp-block-column is-layout-flow wp-block-column-is-layout-flow\" style=\"flex-basis:50%\">\n<p>\u3000\u4eca\u56de\u306f\uff14\u6708\u306enico lab.\u7814\u4fee\u4f1a\u306b\u306a\u308a\u307e\u3059\uff01\uff01<br>\u3000<strong><span data-fontsize=\"21px\" style=\"font-size: 21px;\" class=\"vk_inline-font-size\"><span data-color=\"#fcb900\" style=\"--vk-highlighter-color: rgba(252, 185, 0, 0.7);\" class=\"vk_highlighter\"><mark style=\"background-color:rgba(0, 0, 0, 0)\" class=\"has-inline-color has-vivid-red-color\">nico lab.\u7814\u4fee\u4f1a\u521d\u306e\u5317\u90e8\u51fa\u5f35\u3067\u3059\uff01\uff01<\/mark><\/span><\/span><\/strong><br>\u3000<br>\u3000\u4ee5\u524d\u958b\u50ac\u3057\u305f\u3001<strong><span data-fontsize=\"18px\" style=\"font-size: 18px;\" class=\"vk_inline-font-size\"><span data-color=\"#fcb900\" style=\"--vk-highlighter-color: rgba(252, 185, 0, 0.7);\" class=\"vk_highlighter\">\u300c\u7acb\u4f4d\u3068\u4e0a\u80a2\u30fb\u80a9\u7532\u5e2f\u306e\u95a2\u9023\u6027\u306b\u3064\u3044\u3066\u300d<\/span><\/span><\/strong>\u3067\u3059\uff01\uff01<br>\u3000<strong><span data-fontsize=\"18px\" style=\"font-size: 18px;\" class=\"vk_inline-font-size\"><span data-color=\"#fcb900\" style=\"--vk-highlighter-color: rgba(252, 185, 0, 0.7);\" class=\"vk_highlighter\">\u300e\u69cb\u6210\u8981\u7d20\u300f\u3068\u306f\uff1f<\/span><\/span><\/strong>\u3068\u3044\u3046\u5185\u5bb9\u304b\u3089\u3001\u76ee\u7684\u52d5\u4f5c\u306b\u3088\u3063\u3066\u8a55\u4fa1\u3059\u308b\u5185\u5bb9\u3082\u4ecb\u5165\u3059\u308b\u5185\u5bb9\u3082\u5909\u5316\u3059\u308b\u3053\u3068\u3092\u4e00\u7dd2\u306b\u5171\u6709\u3055\u305b\u3066\u9802\u304d\u3001\u30c7\u30a3\u30b9\u30ab\u30c3\u30b7\u30e7\u30f3\u3057\u305f\u3044\u3068\u601d\u3044\u307e\u3059\uff01\uff01<br>\u3000\u305d\u308c\u3092\u5143\u306b\u3001<strong><span data-fontsize=\"18px\" style=\"font-size: 18px;\" class=\"vk_inline-font-size\"><span data-color=\"#fcb900\" style=\"--vk-highlighter-color: rgba(252, 185, 0, 0.7);\" class=\"vk_highlighter\">\u7acb\u4f4d\u59ff\u52e2\u3068\u4e0a\u80a2\u30fb\u80a9\u7532\u5e2f\u306e\u95a2\u9023\u6027\u3092\u5b9f\u6280\u3084\u5b9f\u969b\u306e\u4ecb\u5165\u5834\u9762<\/span><\/span><\/strong>\u3092\u901a\u3057\u3066\u30c7\u30a3\u30b9\u30ab\u30c3\u30b7\u30e7\u30f3\u3067\u304d\u305f\u3089\u3068\u601d\u3044\u307e\u3059\uff01\uff01<\/p>\n\n\n\n<p>\u3000\u3082\u3061\u308d\u3093\u82e5\u624b\u306e\u65b9\u3067\u3082\u81e8\u5e8a\u306b\u5c11\u3057\u3067\u3082\u7d50\u3073\u4ed8\u3051\u3089\u308c\u308b\u3088\u3046\u3054\u8aac\u660e\u3057\u307e\u3059\u266a\u65e5\u3005\u306e\u81e8\u5e8a\u3067\u306e\u60a9\u307f\u306a\u3069\u3092\u89e3\u6c7a\u3057\u5171\u6709\u3057\u307e\u305b\u3093\u304b\uff1f\uff1f<\/p>\n\n\n\n<div class=\"wp-block-vk-blocks-spacer vk_spacer vk_spacer-type-margin-top\"><div class=\"vk_block-margin-md--margin-top\"><\/div><\/div>\n<\/div>\n\n\n\n<div class=\"wp-block-column is-layout-flow wp-block-column-is-layout-flow\" style=\"flex-basis:50%\">\n<figure class=\"wp-block-image aligncenter size-large is-resized\"><img loading=\"lazy\" decoding=\"async\" width=\"724\" height=\"1024\" src=\"https:\/\/nicolab-oki.com\/wp-content\/uploads\/2026\/04\/nico-lab.\u7814\u4fee\u4f1a-\u30d5\u30e9\u30a4\u30e4\u30fc-3-724x1024.jpg\" alt=\"\" class=\"wp-image-3453\" style=\"width:386px;height:auto\" srcset=\"https:\/\/nicolab-oki.com\/wp-content\/uploads\/2026\/04\/nico-lab.\u7814\u4fee\u4f1a-\u30d5\u30e9\u30a4\u30e4\u30fc-3-724x1024.jpg 724w, https:\/\/nicolab-oki.com\/wp-content\/uploads\/2026\/04\/nico-lab.\u7814\u4fee\u4f1a-\u30d5\u30e9\u30a4\u30e4\u30fc-3-212x300.jpg 212w, https:\/\/nicolab-oki.com\/wp-content\/uploads\/2026\/04\/nico-lab.\u7814\u4fee\u4f1a-\u30d5\u30e9\u30a4\u30e4\u30fc-3-768x1086.jpg 768w, https:\/\/nicolab-oki.com\/wp-content\/uploads\/2026\/04\/nico-lab.\u7814\u4fee\u4f1a-\u30d5\u30e9\u30a4\u30e4\u30fc-3-1086x1536.jpg 1086w, https:\/\/nicolab-oki.com\/wp-content\/uploads\/2026\/04\/nico-lab.\u7814\u4fee\u4f1a-\u30d5\u30e9\u30a4\u30e4\u30fc-3.jpg 1414w\" sizes=\"auto, (max-width: 724px) 100vw, 724px\" \/><\/figure>\n<\/div>\n<\/div>\n\n\n\n<blockquote class=\"wp-block-quote has-text-align-left is-style-default is-layout-flow wp-block-quote-is-layout-flow\">\n<p><strong>\u65e5\u3000\u3000\u6642<\/strong>\uff1a<strong><mark style=\"background-color:rgba(0, 0, 0, 0)\" class=\"has-inline-color has-luminous-vivid-orange-color\">\uff12\uff10\uff12\uff16\u5e74 \uff14\u6708 \uff12\uff18\u65e5\uff08\u706b\uff09<\/mark><\/strong><br>\u3000\u3000\u3000\u3000\u3000\u3000\u3000\u3000\u3000<strong><mark style=\"background-color:rgba(0, 0, 0, 0)\" class=\"has-inline-color has-luminous-vivid-orange-color\">\uff11\uff18\uff1a\uff130 \u301c \uff12\uff10\uff1a\uff13\uff10<\/mark><\/strong><\/p>\n\n\n\n<p><strong>\u4f1a\u3000\u3000\u5834<\/strong>\uff1a\u52dd\u5c71\u75c5\u9662\uff08\u4f1a\u5834\u306e\u3054\u63d0\u4f9b\u3042\u308a\u304c\u3068\u3046\u3054\u3056\u3044\u307e\u3059\uff09<\/p>\n\n\n\n<p><strong>\u5b9a\u3000\u3000\u54e1<\/strong>\uff1a\uff120\u540d\u7a0b\u5ea6<\/p>\n\n\n\n<p><strong>\u53c2  \u52a0  \u8cbb <\/strong>\uff1a<strong><mark style=\"background-color:rgba(0, 0, 0, 0)\" class=\"has-inline-color has-luminous-vivid-orange-color\">\u7121\u6599<\/mark><\/strong><br><br><strong>\u30ec\u30af\u30c1\u30e3\u30e9\u30fc<\/strong>\uff1a<strong>\u5c0f\u6797 \u907c<\/strong>\uff08nico lab.\uff09<br>\u3000\u3000\u3000\u3000\u3000\u3000\u3000\u30fb\u8133\u5352\u4e2d\u8a8d\u5b9a\u7406\u5b66\u7642\u6cd5\u58eb<br>\u3000\u3000\u3000\u3000\u3000\u3000\u3000\u30fb\u6c96\u7e04\u30dc\u30d0\u30fc\u30b9\u52c9\u5f37\u4f1a\u3000\u4e16\u8a71\u4eba<\/p>\n<\/blockquote>\n\n\n\n<div class=\"wp-block-vk-blocks-spacer vk_spacer vk_spacer-type-margin-top\"><div class=\"vk_block-margin-sm--margin-top\"><\/div><\/div>\n\n\n\n<div class=\"wp-block-contact-form-7-contact-form-selector\">\n<div class=\"wpcf7 no-js\" id=\"wpcf7-f2068-o1\" lang=\"ja\" dir=\"ltr\" data-wpcf7-id=\"2068\">\n<div class=\"screen-reader-response\"><p role=\"status\" aria-live=\"polite\" aria-atomic=\"true\"><\/p> <ul><\/ul><\/div>\n<form action=\"\/index.php?rest_route=%2Fwp%2Fv2%2Fpages%2F2069#wpcf7-f2068-o1\" method=\"post\" class=\"wpcf7-form init\" aria-label=\"\u30b3\u30f3\u30bf\u30af\u30c8\u30d5\u30a9\u30fc\u30e0\" novalidate=\"novalidate\" data-status=\"init\">\n<fieldset class=\"hidden-fields-container\"><input type=\"hidden\" name=\"_wpcf7\" value=\"2068\" \/><input type=\"hidden\" name=\"_wpcf7_version\" value=\"6.1.5\" \/><input type=\"hidden\" name=\"_wpcf7_locale\" value=\"ja\" \/><input type=\"hidden\" name=\"_wpcf7_unit_tag\" value=\"wpcf7-f2068-o1\" \/><input type=\"hidden\" name=\"_wpcf7_container_post\" value=\"0\" \/><input type=\"hidden\" name=\"_wpcf7_posted_data_hash\" value=\"\" \/>\n<\/fieldset>\n\n<!-- CF7MSM -->\n<div style='display:none;'><input type=\"hidden\" name=\"_cf7msm_multistep_tag\" class=\"wpcf7-form-control wpcf7-multistep cf7msm-multistep\" value=\"{&quot;first_step&quot;:1,&quot;send_email&quot;:1,&quot;next_url&quot;:&quot;https:\/\/nicolab-oki.com\/?page_id=2072&quot;}\" \/><input type=\"hidden\" name=\"cf7msm-no-ss\" value=\"\" \/>\n<\/div>\n<!-- End CF7MSM -->\n\n<table class=\"CF7_table\">\n\t<tr>\n\t\t<th>\n\t\t\t<p><span class=\"CF7_req\">\u5fc5\u9808<\/span> \u304a\u540d\u524d\n\t\t\t<\/p>\n\t\t<\/th>\n\t\t<td>\n\t\t\t<p><span class=\"wpcf7-form-control-wrap\" data-name=\"your-name\"><input size=\"40\" maxlength=\"400\" class=\"wpcf7-form-control wpcf7-text wpcf7-validates-as-required\" aria-required=\"true\" aria-invalid=\"false\" placeholder=\"\u4f8b\uff1a\u3042\u306a\u305f\u306e\u304a\u540d\u524d\" value=\"\" type=\"text\" name=\"your-name\" \/><\/span>\n\t\t\t<\/p>\n\t\t<\/td>\n\t<\/tr>\n\t<tr>\n\t\t<th>\n\t\t\t<p><span class=\"CF7_req\">\u5fc5\u9808<\/span> \u52e4\u52d9\u5148\n\t\t\t<\/p>\n\t\t<\/th>\n\t\t<td>\n\t\t\t<p><span class=\"wpcf7-form-control-wrap\" data-name=\"your-work\"><input size=\"40\" maxlength=\"400\" class=\"wpcf7-form-control wpcf7-text wpcf7-validates-as-required\" aria-required=\"true\" aria-invalid=\"false\" placeholder=\"\u4f8b\uff1a\u3042\u306a\u305f\u306e\u52e4\u52d9\u5148\" value=\"\" type=\"text\" name=\"your-work\" \/><\/span>\n\t\t\t<\/p>\n\t\t<\/td>\n\t<\/tr>\n\t<tr>\n\t\t<th>\n\t\t\t<p><span class=\"CF7_req\">\u5fc5\u9808<\/span> \u8077\u7a2e\n\t\t\t<\/p>\n\t\t<\/th>\n\t\t<td>\n\t\t\t<p><span class=\"wpcf7-form-control-wrap\" data-name=\"radio-job\"><span class=\"wpcf7-form-control wpcf7-radio\"><span class=\"wpcf7-list-item first\"><input type=\"radio\" name=\"radio-job\" value=\"PT\" \/><span class=\"wpcf7-list-item-label\">PT<\/span><\/span><span class=\"wpcf7-list-item\"><input type=\"radio\" name=\"radio-job\" value=\"OT\" \/><span class=\"wpcf7-list-item-label\">OT<\/span><\/span><span class=\"wpcf7-list-item\"><input type=\"radio\" name=\"radio-job\" value=\"ST\" \/><span class=\"wpcf7-list-item-label\">ST<\/span><\/span><span class=\"wpcf7-list-item last\"><input type=\"radio\" name=\"radio-job\" value=\"\u305d\u306e\u4ed6\" \/><span class=\"wpcf7-list-item-label\">\u305d\u306e\u4ed6<\/span><\/span><\/span><\/span>\n\t\t\t<\/p>\n\t\t<\/td>\n\t<\/tr>\n\t<tr>\n\t\t<th>\n\t\t\t<p><span class=\"CF7_req\">\u5fc5\u9808<\/span> \u7d4c\u9a13\u5e74\u6570\n\t\t\t<\/p>\n\t\t<\/th>\n\t\t<td>\n\t\t\t<p><span class=\"wpcf7-form-control-wrap\" data-name=\"your-year\"><input size=\"40\" maxlength=\"400\" class=\"wpcf7-form-control wpcf7-text wpcf7-validates-as-required\" aria-required=\"true\" aria-invalid=\"false\" placeholder=\"\u4f8b\uff1a5\u5e74\u76ee\uff08\u304a\u304a\u307e\u304b\u3067\u5927\u4e08\u592b\u3067\u3059\uff09\" value=\"\" type=\"text\" name=\"your-year\" \/><\/span>\n\t\t\t<\/p>\n\t\t<\/td>\n\t<\/tr>\n\t<tr>\n\t\t<th>\n\t\t\t<p><span class=\"CF7_req\">\u5fc5\u9808<\/span> \u30e1\u30fc\u30eb\u30a2\u30c9\u30ec\u30b9\n\t\t\t<\/p>\n\t\t<\/th>\n\t\t<td>\n\t\t\t<p><span class=\"wpcf7-form-control-wrap\" data-name=\"your-email\"><input size=\"40\" maxlength=\"400\" class=\"wpcf7-form-control wpcf7-email wpcf7-validates-as-required wpcf7-text wpcf7-validates-as-email\" aria-required=\"true\" aria-invalid=\"false\" placeholder=\"\u4f8b\uff1a\u00d7\u00d7\u00d7@\u00d7\u00d7\u00d7.com\" value=\"\" type=\"email\" name=\"your-email\" \/><\/span>\n\t\t\t<\/p>\n\t\t<\/td>\n\t<\/tr>\n\t<tr>\n\t\t<th>\n\t\t\t<p><span class=\"CF7_req\">\u5fc5\u9808<\/span>\u3054\u78ba\u8a8d\u4e8b\u9805\n\t\t\t<\/p>\n\t\t<\/th>\n\t\t<td>\n\t\t\t<p><span class=\"wpcf7-form-control-wrap\" data-name=\"acceptance-939\"><span class=\"wpcf7-form-control wpcf7-acceptance\"><span class=\"wpcf7-list-item\"><label><input type=\"checkbox\" name=\"acceptance-939\" value=\"1\" aria-invalid=\"false\" \/><span class=\"wpcf7-list-item-label\">\u7533\u8fbc\u307f\u30d5\u30a9\u30fc\u30e0\u9001\u4fe1\u5f8c\u306b\u3001\u300e@nicolab-oki.com\u300f\u304b\u3089\u306e\u81ea\u52d5\u8fd4\u4fe1\u30e1\u30fc\u30eb\u304c\u5c4a\u3044\u3066\u3044\u308b\u304b\u306e\u3054\u78ba\u8a8d\u3092\u304a\u9858\u3044\u81f4\u3057\u307e\u3059\uff08\u8ff7\u60d1\u30d5\u30a9\u30eb\u30c0\u542b\u3081\uff09\u3002\u81ea\u52d5\u8fd4\u4fe1\u30e1\u30fc\u30eb\u304c\u5c4a\u304b\u306a\u3044\u5834\u5408\u306f\u3001\u304a\u624b\u6570\u3067\u3059\u304c\u3001\u304a\u96fb\u8a71\u307e\u305f\u306f\u516c\u5f0fLINE\u3088\u308a\u304a\u77e5\u3089\u305b\u4e0b\u3055\u3044\u3002<\/span><\/label><\/span><\/span><\/span>\n\t\t\t<\/p>\n\t\t<\/td>\n\t<\/tr>\n<\/table>\n<p class=\"CF7_btn\"><input class=\"wpcf7-form-control wpcf7-submit has-spinner\" type=\"submit\" value=\"\u9001\u4fe1\u3059\u308b\" \/>\n<\/p><div class=\"wpcf7-response-output\" aria-hidden=\"true\"><\/div>\n<\/form>\n<\/div>\n<\/div>\n\n\n\n<div class=\"wp-block-vk-blocks-alert vk_alert alert alert-warning has-alert-icon  vk_hidden-xs vk_hidden-sm\"><div class=\"vk_alert_icon\"><div class=\"vk_alert_icon_icon\"><i class=\"fa-solid fa-triangle-exclamation\" aria-hidden=\"true\"><\/i><\/div><div class=\"vk_alert_icon_text\"><span>\u5fc5\u78ba\u8a8d\u4e0b\u3055\u3044<\/span><\/div><\/div><div class=\"vk_alert_content\">\n<p>\u7533\u8fbc\u307f\u30d5\u30a9\u30fc\u30e0\u9001\u4fe1\u5f8c\u306b\u3001<\/p>\n\n\n\n<p><span data-color=\"#f78da7\" style=\"background: linear-gradient(transparent 60%,rgba(247, 141, 167, 0.7) 0);\" class=\"vk_highlighter\"><span data-fontsize=\"22px\" style=\"font-weight: bold; font-size: 22px;\" class=\"vk_inline-font-size\">@nicolab-oki.com\u304b\u3089\u306e\u81ea\u52d5\u8fd4\u4fe1\u30e1\u30fc\u30eb\u304c\u5c4a\u3044\u3066\u3044\u308b\u304b\u306e\u3054\u78ba\u8a8d\u3092\u304a\u9858\u3044\u81f4\u3057\u307e\u3059\u3002<\/span><\/span><br>\u30e1\u30fc\u30eb\u304c\u5c4a\u304b\u306a\u3044\u5834\u5408\u306f\u3001\u8ff7\u60d1\u30d5\u30a9\u30eb\u30c0\u306b\u5272\u308a\u632f\u3089\u308c\u3066\u3044\u308b\u53ef\u80fd\u6027\u304c\u3042\u308a\u307e\u3059\u306e\u3067\u3001\u4f75\u305b\u3066\u3054\u78ba\u8a8d\u304a\u9858\u3044\u81f4\u3057\u307e\u3059\u3002<\/p>\n\n\n\n<div class=\"wp-block-vk-blocks-spacer vk_spacer vk_spacer-type-margin-top\"><div class=\"vk_block-margin-sm--margin-top\"><\/div><\/div>\n\n\n\n<p>\u30e1\u30fc\u30eb\u304c\u5c4a\u3044\u3066\u3044\u306a\u3044\u5834\u5408\u3084\u3054\u4e0d\u660e\u306a\u70b9\u7b49\u3054\u3056\u3044\u307e\u3057\u305f\u3089\u3001\u304a\u624b\u6570\u304a\u304b\u3051\u3057\u307e\u3059\u304c\u3001<\/p>\n\n\n\n<p><strong><span data-color=\"#f78da7\" style=\"background: linear-gradient(transparent 60%,rgba(247, 141, 167, 0.7) 0);\" class=\"vk_highlighter\">\u96fb\u8a71\u756a\u53f7\u3078\u3054\u9023\u7d61\u3057\u3066\u9802\u304f\u304b<\/span><\/strong>\u3001<strong><span data-color=\"#f78da7\" style=\"background: linear-gradient(transparent 60%,rgba(247, 141, 167, 0.7) 0);\" class=\"vk_highlighter\">LINE\u516c\u5f0f\u30a2\u30ab\u30a6\u30f3\u30c8\u3088\u308a\u53cb\u9054\u8ffd\u52a0\u3057\u3066\u9802\u3044\u305f\u5f8c\u306b\u3001\u76f4\u63a5\u30c1\u30e3\u30c3\u30c8\u306b\u3066\u3054\u9023\u7d61\u4e0b\u3055\u3044<\/span><\/strong>\u3002<\/p>\n<\/div><\/div>\n\n\n\n<div class=\"wp-block-vk-blocks-alert vk_alert alert alert-warning has-alert-icon  vk_hidden-xxl vk_hidden-xl-v2 vk_hidden-lg vk_hidden-md\"><div class=\"vk_alert_icon\"><div class=\"vk_alert_icon_icon\"><i class=\"fa-solid fa-triangle-exclamation\" aria-hidden=\"true\"><\/i><\/div><div class=\"vk_alert_icon_text\"><span>\u5fc5\u78ba\u8a8d\u4e0b\u3055\u3044<\/span><\/div><\/div><div class=\"vk_alert_content\">\n<p class=\"has-small-font-size\">\u7533\u8fbc\u307f\u30d5\u30a9\u30fc\u30e0\u9001\u4fe1\u5f8c\u306b\u3001<\/p>\n\n\n\n<p class=\"has-small-font-size\"><span data-color=\"#f78da7\" style=\"background: linear-gradient(transparent 60%,rgba(247, 141, 167, 0.7) 0);\" class=\"vk_highlighter\"><strong><span data-fontsize=\"16px\" style=\"font-size: 16px;\" class=\"vk_inline-font-size\">@nicolab-oki.com\u304b\u3089\u306e\u81ea\u52d5\u8fd4\u4fe1\u30e1\u30fc\u30eb\u304c\u5c4a\u3044\u3066\u3044\u308b\u304b\u306e\u3054\u78ba\u8a8d\u3092\u304a\u9858\u3044\u81f4\u3057\u307e\u3059\u3002<\/span><\/strong><\/span><br>\u30e1\u30fc\u30eb\u304c\u5c4a\u304b\u306a\u3044\u5834\u5408\u306f\u3001\u8ff7\u60d1\u30d5\u30a9\u30eb\u30c0\u306b\u5272\u308a\u632f\u3089\u308c\u3066\u3044\u308b\u53ef\u80fd\u6027\u304c\u3042\u308a\u307e\u3059\u306e\u3067\u3001\u4f75\u305b\u3066\u3054\u78ba\u8a8d\u304a\u9858\u3044\u81f4\u3057\u307e\u3059\u3002<\/p>\n\n\n\n<div class=\"wp-block-vk-blocks-spacer vk_spacer vk_spacer-type-margin-top\"><div class=\"vk_block-margin-sm--margin-top\"><\/div><\/div>\n\n\n\n<p class=\"has-small-font-size\">\u30e1\u30fc\u30eb\u304c\u5c4a\u3044\u3066\u3044\u306a\u3044\u5834\u5408\u3084\u3054\u4e0d\u660e\u306a\u70b9\u7b49\u3054\u3056\u3044\u307e\u3057\u305f\u3089\u3001\u304a\u624b\u6570\u304a\u304b\u3051\u3057\u307e\u3059\u304c\u3001<\/p>\n\n\n\n<p class=\"has-small-font-size\"><strong><span data-color=\"#f78da7\" style=\"background: linear-gradient(transparent 60%,rgba(247, 141, 167, 0.7) 0);\" class=\"vk_highlighter\">\u96fb\u8a71\u756a\u53f7\u3078\u3054\u9023\u7d61\u3057\u3066\u9802\u304f\u304b<\/span><\/strong>\u3001<strong><span data-color=\"#f78da7\" style=\"background: linear-gradient(transparent 60%,rgba(247, 141, 167, 0.7) 0);\" class=\"vk_highlighter\">LINE\u516c\u5f0f\u30a2\u30ab\u30a6\u30f3\u30c8\u3088\u308a\u53cb\u9054\u8ffd\u52a0\u3057\u3066\u9802\u3044\u305f\u5f8c\u306b\u3001\u76f4\u63a5\u30c1\u30e3\u30c3\u30c8\u306b\u3066\u3054\u9023\u7d61\u4e0b\u3055\u3044<\/span><\/strong>\u3002<\/p>\n<\/div><\/div>\n\n\n\n<div class=\"wp-block-vk-blocks-spacer vk_spacer vk_spacer-type-margin-top\"><div class=\"vk_block-margin-xl--margin-top\"><\/div><\/div>\n\n\n\n<hr class=\"wp-block-separator has-alpha-channel-opacity\"\/>\n\n\n\n<div class=\"wp-block-vk-blocks-spacer vk_spacer vk_spacer-type-margin-top\"><div class=\"vk_block-margin-sm--margin-top\"><\/div><\/div>\n\n\n\n<div class=\"wp-block-columns has-regular-font-size is-layout-flex wp-container-core-columns-is-layout-28f84493 wp-block-columns-is-layout-flex\">\n<div class=\"wp-block-column is-layout-flow wp-block-column-is-layout-flow\" style=\"flex-basis:33.34%\">\n<ul class=\"wp-block-social-links aligncenter has-large-icon-size vk_block-margin-xs--margin-top vk_block-margin-xxs--margin-bottom is-content-justification-center is-layout-flex wp-container-core-social-links-is-layout-a89b3969 wp-block-social-links-is-layout-flex\"><li class=\"wp-social-link wp-social-link-instagram  animated bounce wp-block-social-link\"><a href=\"https:\/\/www.instagram.com\/nico_lab._oki?igsh=MTE1YW0wZGVwMXJsaQ%3D%3D&#038;utm_source=qr\" class=\"wp-block-social-link-anchor\"><svg width=\"24\" height=\"24\" viewBox=\"0 0 24 24\" version=\"1.1\" xmlns=\"http:\/\/www.w3.org\/2000\/svg\" aria-hidden=\"true\" focusable=\"false\"><path d=\"M12,4.622c2.403,0,2.688,0.009,3.637,0.052c0.877,0.04,1.354,0.187,1.671,0.31c0.42,0.163,0.72,0.358,1.035,0.673 c0.315,0.315,0.51,0.615,0.673,1.035c0.123,0.317,0.27,0.794,0.31,1.671c0.043,0.949,0.052,1.234,0.052,3.637 s-0.009,2.688-0.052,3.637c-0.04,0.877-0.187,1.354-0.31,1.671c-0.163,0.42-0.358,0.72-0.673,1.035 c-0.315,0.315-0.615,0.51-1.035,0.673c-0.317,0.123-0.794,0.27-1.671,0.31c-0.949,0.043-1.233,0.052-3.637,0.052 s-2.688-0.009-3.637-0.052c-0.877-0.04-1.354-0.187-1.671-0.31c-0.42-0.163-0.72-0.358-1.035-0.673 c-0.315-0.315-0.51-0.615-0.673-1.035c-0.123-0.317-0.27-0.794-0.31-1.671C4.631,14.688,4.622,14.403,4.622,12 s0.009-2.688,0.052-3.637c0.04-0.877,0.187-1.354,0.31-1.671c0.163-0.42,0.358-0.72,0.673-1.035 c0.315-0.315,0.615-0.51,1.035-0.673c0.317-0.123,0.794-0.27,1.671-0.31C9.312,4.631,9.597,4.622,12,4.622 M12,3 C9.556,3,9.249,3.01,8.289,3.054C7.331,3.098,6.677,3.25,6.105,3.472C5.513,3.702,5.011,4.01,4.511,4.511 c-0.5,0.5-0.808,1.002-1.038,1.594C3.25,6.677,3.098,7.331,3.054,8.289C3.01,9.249,3,9.556,3,12c0,2.444,0.01,2.751,0.054,3.711 c0.044,0.958,0.196,1.612,0.418,2.185c0.23,0.592,0.538,1.094,1.038,1.594c0.5,0.5,1.002,0.808,1.594,1.038 c0.572,0.222,1.227,0.375,2.185,0.418C9.249,20.99,9.556,21,12,21s2.751-0.01,3.711-0.054c0.958-0.044,1.612-0.196,2.185-0.418 c0.592-0.23,1.094-0.538,1.594-1.038c0.5-0.5,0.808-1.002,1.038-1.594c0.222-0.572,0.375-1.227,0.418-2.185 C20.99,14.751,21,14.444,21,12s-0.01-2.751-0.054-3.711c-0.044-0.958-0.196-1.612-0.418-2.185c-0.23-0.592-0.538-1.094-1.038-1.594 c-0.5-0.5-1.002-0.808-1.594-1.038c-0.572-0.222-1.227-0.375-2.185-0.418C14.751,3.01,14.444,3,12,3L12,3z M12,7.378 c-2.552,0-4.622,2.069-4.622,4.622S9.448,16.622,12,16.622s4.622-2.069,4.622-4.622S14.552,7.378,12,7.378z M12,15 c-1.657,0-3-1.343-3-3s1.343-3,3-3s3,1.343,3,3S13.657,15,12,15z M16.804,6.116c-0.596,0-1.08,0.484-1.08,1.08 s0.484,1.08,1.08,1.08c0.596,0,1.08-0.484,1.08-1.08S17.401,6.116,16.804,6.116z\"><\/path><\/svg><span class=\"wp-block-social-link-label screen-reader-text\">Instagram<\/span><\/a><\/li><\/ul>\n<\/div>\n\n\n\n<div class=\"wp-block-column is-layout-flow wp-block-column-is-layout-flow\" style=\"flex-basis:33.34%\">\n<div class=\"wp-block-vk-blocks-button vk_button vk_button-color-custom vk_button-4604c681-153b-40b3-bda4-78341116269f vk_button-align-wide is-style-shine\"><a href=\"https:\/\/lin.ee\/M6FPAbC\" class=\"vk_button_link btn has-background btn-sm\" role=\"button\" aria-pressed=\"true\" rel=\"noopener\"><div class=\"vk_button_link_caption\"><i class=\"fa-brands fa-line vk_button_link_before\" style=\"font-size:30px\" aria-hidden=\"true\"><\/i><span class=\"vk_button_link_txt\">\u300e nico lab. \u300f LINE\u516c\u5f0f<\/span><\/div><p class=\"vk_button_link_subCaption\">\u304a\u554f\u3044\u5408\u305b\u30fb\u3054\u76f8\u8ac7\u306f\u3053\u3061\u3089\u304b\u3089<\/p><\/a><\/div><style type=\"text\/css\">.vk_button-4604c681-153b-40b3-bda4-78341116269f .has-background {\n\t\t\t\tbackground-color: #12b378;\n\t\t\t\tborder: 1px solid #12b378;\n\t\t\t} <\/style>\n<\/div>\n\n\n\n<div class=\"wp-block-column is-layout-flow wp-block-column-is-layout-flow\" style=\"flex-basis:33.33%\">\n<div class=\"wp-block-vk-blocks-button vk_button vk_button-color-custom vk_button-8b6ca045-f186-418c-b9be-4598531f0194 vk_button-align-wide is-style-shine\"><a href=\"https:\/\/nicolab-oki.com\/?page_id=980\" class=\"vk_button_link btn has-background btn-sm\" role=\"button\" aria-pressed=\"true\" rel=\"noopener\"><div class=\"vk_button_link_caption\"><i class=\"far fa-envelope vk_button_link_before\" aria-hidden=\"true\"><\/i><span class=\"vk_button_link_txt\">\u304a\u554f\u3044\u5408\u305b\u30d5\u30a9\u30fc\u30e0<\/span><\/div><p class=\"vk_button_link_subCaption\">\u304a\u554f\u3044\u5408\u305b\u30fb\u3054\u76f8\u8ac7\u306f\u3053\u3061\u3089\u304b\u3089<\/p><\/a><\/div><style type=\"text\/css\">.vk_button-8b6ca045-f186-418c-b9be-4598531f0194 .has-background {\n\t\t\t\tbackground-color: #d65d5d;\n\t\t\t\tborder: 1px solid #d65d5d;\n\t\t\t} <\/style>\n<\/div>\n<\/div>\n\n\n\n<p><\/p>\n","protected":false},"excerpt":{"rendered":"<p>\uff14\u6708\u306e nico lab.\u7814\u4fee\u4f1a\u3010\u7acb\u4f4d\u59ff\u52e2\u3067\u306e\u8a55\u4fa1\u30dd\u30a4\u30f3\u30c8\u3068\u4ecb\u5165\u3011 \ud83d\udd39 \u7acb\u4f4d\u306b\u304a\u3051\u308b\u4e0a\u80a2\u30fb\u80a9\u7532\u5e2f\u306e\u91cd\u8981\u6027\ud83d\udd39 \u3000\u4eca\u56de\u306f\uff14\u6708\u306enico lab.\u7814\u4fee\u4f1a\u306b\u306a\u308a\u307e\u3059\uff01\uff01\u3000nico lab.\u7814\u4fee\u4f1a\u521d\u306e\u5317\u90e8\u51fa\u5f35\u3067\u3059\uff01\uff01\u3000\u3000\u4ee5\u524d\u958b\u50ac\u3057 [&hellip;]<\/p>\n","protected":false},"author":1,"featured_media":0,"parent":0,"menu_order":0,"comment_status":"closed","ping_status":"closed","template":"","meta":{"vkexunit_cta_each_option":"","footnotes":""},"class_list":["post-2069","page","type-page","status-publish","hentry"],"_links":{"self":[{"href":"https:\/\/nicolab-oki.com\/index.php?rest_route=\/wp\/v2\/pages\/2069","targetHints":{"allow":["GET"]}}],"collection":[{"href":"https:\/\/nicolab-oki.com\/index.php?rest_route=\/wp\/v2\/pages"}],"about":[{"href":"https:\/\/nicolab-oki.com\/index.php?rest_route=\/wp\/v2\/types\/page"}],"author":[{"embeddable":true,"href":"https:\/\/nicolab-oki.com\/index.php?rest_route=\/wp\/v2\/users\/1"}],"replies":[{"embeddable":true,"href":"https:\/\/nicolab-oki.com\/index.php?rest_route=%2Fwp%2Fv2%2Fcomments&post=2069"}],"version-history":[{"count":120,"href":"https:\/\/nicolab-oki.com\/index.php?rest_route=\/wp\/v2\/pages\/2069\/revisions"}],"predecessor-version":[{"id":3457,"href":"https:\/\/nicolab-oki.com\/index.php?rest_route=\/wp\/v2\/pages\/2069\/revisions\/3457"}],"wp:attachment":[{"href":"https:\/\/nicolab-oki.com\/index.php?rest_route=%2Fwp%2Fv2%2Fmedia&parent=2069"}],"curies":[{"name":"wp","href":"https:\/\/api.w.org\/{rel}","templated":true}]}}