{"id":980,"date":"2024-03-25T22:48:12","date_gmt":"2024-03-25T13:48:12","guid":{"rendered":"https:\/\/nicolab-oki.com\/?page_id=980"},"modified":"2025-09-19T15:24:44","modified_gmt":"2025-09-19T06:24:44","slug":"%e3%81%8a%e5%95%8f%e3%81%84%e5%90%88%e3%81%9b%e3%83%95%e3%82%a9%e3%83%bc%e3%83%a0","status":"publish","type":"page","link":"https:\/\/nicolab-oki.com\/?page_id=980","title":{"rendered":"\u304a\u554f\u3044\u5408\u305b\u30d5\u30a9\u30fc\u30e0"},"content":{"rendered":"\n<div class=\"wpcf7 no-js\" id=\"wpcf7-f983-o1\" lang=\"ja\" dir=\"ltr\" data-wpcf7-id=\"983\">\n<div class=\"screen-reader-response\"><p role=\"status\" aria-live=\"polite\" aria-atomic=\"true\"><\/p> <ul><\/ul><\/div>\n<form action=\"\/index.php?rest_route=%2Fwp%2Fv2%2Fpages%2F980#wpcf7-f983-o1\" method=\"post\" class=\"wpcf7-form init\" aria-label=\"\u30b3\u30f3\u30bf\u30af\u30c8\u30d5\u30a9\u30fc\u30e0\" novalidate=\"novalidate\" data-status=\"init\">\n<fieldset class=\"hidden-fields-container\"><input type=\"hidden\" name=\"_wpcf7\" value=\"983\" \/><input type=\"hidden\" name=\"_wpcf7_version\" value=\"6.1.5\" \/><input type=\"hidden\" name=\"_wpcf7_locale\" value=\"ja\" \/><input type=\"hidden\" name=\"_wpcf7_unit_tag\" value=\"wpcf7-f983-o1\" \/><input type=\"hidden\" name=\"_wpcf7_container_post\" value=\"0\" \/><input type=\"hidden\" name=\"_wpcf7_posted_data_hash\" value=\"\" \/>\n<\/fieldset>\n\n<!-- CF7MSM -->\n<div style='display:none;'><input type=\"hidden\" name=\"_cf7msm_multistep_tag\" class=\"wpcf7-form-control wpcf7-multistep cf7msm-multistep\" value=\"{&quot;first_step&quot;:1,&quot;send_email&quot;:1,&quot;next_url&quot;:&quot;https:\/\/nicolab-oki.com\/?page_id=1276&quot;}\" \/><input type=\"hidden\" name=\"cf7msm-no-ss\" value=\"\" \/>\n<\/div>\n<!-- End CF7MSM -->\n\n<table class=\"CF7_table\">\n\t<tr>\n\t\t<th>\n\t\t\t<p><span class=\"CF7_req\">\u5fc5\u9808<\/span> \u304a\u554f\u3044\u5408\u305b\u5185\u5bb9\n\t\t\t<\/p>\n\t\t<\/th>\n\t\t<td>\n\t\t\t<p><span class=\"wpcf7-form-control-wrap\" data-name=\"checkbox-inq\"><span class=\"wpcf7-form-control wpcf7-checkbox wpcf7-validates-as-required\"><span class=\"wpcf7-list-item first\"><input type=\"checkbox\" name=\"checkbox-inq[]\" value=\"\u30ea\u30cf\u30d3\u30ea\u30c6\u30fc\u30b7\u30e7\u30f3\u306b\u3064\u3044\u3066\" \/><span class=\"wpcf7-list-item-label\">\u30ea\u30cf\u30d3\u30ea\u30c6\u30fc\u30b7\u30e7\u30f3\u306b\u3064\u3044\u3066<\/span><\/span><span class=\"wpcf7-list-item\"><input type=\"checkbox\" name=\"checkbox-inq[]\" value=\"\u88c5\u5177\u306b\u3064\u3044\u3066\" \/><span class=\"wpcf7-list-item-label\">\u88c5\u5177\u306b\u3064\u3044\u3066<\/span><\/span><span class=\"wpcf7-list-item\"><input type=\"checkbox\" name=\"checkbox-inq[]\" value=\"\u7814\u4fee\u4f1a\u7b49\u306b\u3064\u3044\u3066\" \/><span class=\"wpcf7-list-item-label\">\u7814\u4fee\u4f1a\u7b49\u306b\u3064\u3044\u3066<\/span><\/span><span class=\"wpcf7-list-item\"><input type=\"checkbox\" name=\"checkbox-inq[]\" value=\"\u8133\u5352\u4e2d\u30ea\u30cf\u65b0\u4eba\u6559\u80b2\u30d7\u30ed\u30b0\u30e9\u30e0\u306b\u3064\u3044\u3066\" \/><span class=\"wpcf7-list-item-label\">\u8133\u5352\u4e2d\u30ea\u30cf\u65b0\u4eba\u6559\u80b2\u30d7\u30ed\u30b0\u30e9\u30e0\u306b\u3064\u3044\u3066<\/span><\/span><span class=\"wpcf7-list-item last\"><input type=\"checkbox\" name=\"checkbox-inq[]\" value=\"\u3054\u76f8\u8ac7\u30fb\u305d\u306e\u4ed6\" \/><span class=\"wpcf7-list-item-label\">\u3054\u76f8\u8ac7\u30fb\u305d\u306e\u4ed6<\/span><\/span><\/span><\/span>\n\t\t\t<\/p>\n\t\t<\/td>\n\t<\/tr>\n\t<tr>\n\t\t<th>\n\t\t\t<p><span class=\"CF7_req\">\u5fc5\u9808<\/span> \u304a\u540d\u524d\n\t\t\t<\/p>\n\t\t<\/th>\n\t\t<td>\n\t\t\t<p><span class=\"wpcf7-form-control-wrap\" data-name=\"your-name\"><input size=\"40\" maxlength=\"400\" class=\"wpcf7-form-control wpcf7-text wpcf7-validates-as-required\" aria-required=\"true\" aria-invalid=\"false\" placeholder=\"\u4f8b\uff1a\u3042\u306a\u305f\u306e\u304a\u540d\u524d\" value=\"\" type=\"text\" name=\"your-name\" \/><\/span>\n\t\t\t<\/p>\n\t\t<\/td>\n\t<\/tr>\n\t<tr>\n\t\t<th>\n\t\t\t<p><span class=\"CF7_req\">\u5fc5\u9808<\/span> \u30d5\u30ea\u30ac\u30ca\n\t\t\t<\/p>\n\t\t<\/th>\n\t\t<td>\n\t\t\t<p><span class=\"wpcf7-form-control-wrap\" data-name=\"your-namekana\"><input size=\"40\" maxlength=\"400\" class=\"wpcf7-form-control wpcf7-text wpcf7-validates-as-required\" aria-required=\"true\" aria-invalid=\"false\" placeholder=\"\u4f8b\uff1a\u304a\u540d\u524d\u306e\u30d5\u30ea\u30ac\u30ca\" value=\"\" type=\"text\" name=\"your-namekana\" \/><\/span>\n\t\t\t<\/p>\n\t\t<\/td>\n\t<\/tr>\n\t<tr>\n\t\t<th>\n\t\t\t<p><span class=\"CF7_req\">\u5fc5\u9808<\/span> \u30e1\u30fc\u30eb\u30a2\u30c9\u30ec\u30b9\n\t\t\t<\/p>\n\t\t<\/th>\n\t\t<td>\n\t\t\t<p><span class=\"wpcf7-form-control-wrap\" data-name=\"your-email\"><input size=\"40\" maxlength=\"400\" class=\"wpcf7-form-control wpcf7-email wpcf7-validates-as-required wpcf7-text wpcf7-validates-as-email\" aria-required=\"true\" aria-invalid=\"false\" placeholder=\"\u4f8b\uff1a\u00d7\u00d7\u00d7@\u00d7\u00d7\u00d7.com\" value=\"\" type=\"email\" name=\"your-email\" \/><\/span>\n\t\t\t<\/p>\n\t\t<\/td>\n\t<\/tr>\n\t<tr>\n\t\t<th>\n\t\t\t<p><span class=\"CF7_req\">\u5fc5\u9808<\/span>\u304a\u96fb\u8a71\u756a\u53f7\n\t\t\t<\/p>\n\t\t<\/th>\n\t\t<td>\n\t\t\t<p><span class=\"wpcf7-form-control-wrap\" data-name=\"your-tel\"><input size=\"40\" maxlength=\"400\" class=\"wpcf7-form-control wpcf7-text wpcf7-validates-as-required\" aria-required=\"true\" aria-invalid=\"false\" placeholder=\"\u4f8b\uff1a090-0000-0000\" value=\"\" type=\"text\" name=\"your-tel\" \/><\/span>\n\t\t\t<\/p>\n\t\t<\/td>\n\t<\/tr>\n\t<tr>\n\t\t<th>\n\t\t\t<p><span class=\"CF7_req\">\u5fc5\u9808<\/span>\u30e1\u30c3\u30bb\u30fc\u30b8\u672c\u6587\n\t\t\t<\/p>\n\t\t<\/th>\n\t\t<td class=\"message-100\">\n\t\t\t<p><span class=\"wpcf7-form-control-wrap\" data-name=\"your-message\"><textarea cols=\"40\" rows=\"10\" maxlength=\"2000\" class=\"wpcf7-form-control wpcf7-textarea wpcf7-validates-as-required\" aria-required=\"true\" aria-invalid=\"false\" placeholder=\"\u304a\u554f\u3044\u5408\u308f\u305b\u5185\u5bb9\u3092\u3054\u8a18\u5165\u304f\u3060\u3055\u3044\" name=\"your-message\"><\/textarea><\/span>\n\t\t\t<\/p>\n\t\t<\/td>\n\t<\/tr>\n\t<tr>\n\t\t<th>\n\t\t\t<p><span class=\"CF7_req\">\u5fc5\u9808<\/span>\u3054\u78ba\u8a8d\u4e8b\u9805\n\t\t\t<\/p>\n\t\t<\/th>\n\t\t<td>\n\t\t\t<p><span class=\"wpcf7-form-control-wrap\" data-name=\"acceptance-939\"><span class=\"wpcf7-form-control wpcf7-acceptance\"><span class=\"wpcf7-list-item\"><label><input type=\"checkbox\" name=\"acceptance-939\" value=\"1\" aria-invalid=\"false\" \/><span class=\"wpcf7-list-item-label\">\u304a\u554f\u3044\u5408\u305b\u30d5\u30a9\u30fc\u30e0\u9001\u4fe1\u5f8c\u306b\u3001\u300e@nicolab-oki.com\u300f\u304b\u3089\u306e\u81ea\u52d5\u8fd4\u4fe1\u30e1\u30fc\u30eb\u304c\u5c4a\u3044\u3066\u3044\u308b\u304b\u306e\u3054\u78ba\u8a8d\u3092\u304a\u9858\u3044\u81f4\u3057\u307e\u3059\uff08\u8ff7\u60d1\u30d5\u30a9\u30eb\u30c0\u542b\u3081\uff09\u3002\u81ea\u52d5\u8fd4\u4fe1\u30e1\u30fc\u30eb\u304c\u5c4a\u304b\u306a\u3044\u5834\u5408\u306f\u3001\u304a\u624b\u6570\u3067\u3059\u304c\u3001\u304a\u96fb\u8a71\u307e\u305f\u306f\u516c\u5f0fLINE\u3088\u308a\u304a\u77e5\u3089\u305b\u4e0b\u3055\u3044\u3002<\/span><\/label><\/span><\/span><\/span>\n\t\t\t<\/p>\n\t\t<\/td>\n\t<\/tr>\n\n<span id=\"wpcf7-69e1dec504f34-wrapper\" class=\"wpcf7-form-control-wrap honeypot-939-wrap\" style=\"display:none !important; visibility:hidden !important;\"><label for=\"wpcf7-69e1dec504f34-field\" class=\"hp-message\">\u3053\u306e\u30d5\u30a3\u30fc\u30eb\u30c9\u306f\u7a7a\u306e\u307e\u307e\u306b\u3057\u3066\u304f\u3060\u3055\u3044\u3002<\/label><input id=\"wpcf7-69e1dec504f34-field\"  class=\"wpcf7-form-control wpcf7-text\" type=\"text\" name=\"honeypot-939\" value=\"\" size=\"40\" tabindex=\"-1\" autocomplete=\"new-password\" \/><\/span>\n<\/table>\n<p class=\"CF7_btn\"><input class=\"wpcf7-form-control wpcf7-submit has-spinner\" type=\"submit\" value=\"\u9001\u4fe1\u3059\u308b\" \/>\n<\/p><div class=\"wpcf7-response-output\" aria-hidden=\"true\"><\/div>\n<\/form>\n<\/div>\n\n\n\n\n<div class=\"wp-block-vk-blocks-spacer vk_spacer vk_spacer-type-margin-top\"><div class=\"vk_block-margin-xl--margin-top\"><\/div><\/div>\n\n\n\n<div class=\"wp-block-columns alignwide is-layout-flex wp-container-core-columns-is-layout-28f84493 wp-block-columns-is-layout-flex\">\n<div class=\"wp-block-column is-layout-flow wp-block-column-is-layout-flow\">\n<div class=\"wp-block-vk-blocks-button vk_button vk_button-color-custom vk_button-ffaf4c8a-db58-48f0-9151-be70eda08b9c vk_button-align-wide is-style-shine\"><a href=\"tel:09045202836\" class=\"vk_button_link btn has-background btn-md\" role=\"button\" aria-pressed=\"true\" rel=\"noopener\"><div class=\"vk_button_link_caption\"><i class=\"fa-solid fa-phone vk_button_link_before\" aria-hidden=\"true\"><\/i><span class=\"vk_button_link_txt\">090-4520-2836<\/span><\/div><p class=\"vk_button_link_subCaption\">\u65bd\u8853\u4e2d\u306f\u5bfe\u5fdc\u3067\u304d\u306a\u3044\u3053\u3068\u304c\u3042\u308a\u307e\u3059<\/p><\/a><\/div><style type=\"text\/css\">.vk_button-ffaf4c8a-db58-48f0-9151-be70eda08b9c .has-background {\n\t\t\t\tbackground-color: #d65d5d;\n\t\t\t\tborder: 1px solid #d65d5d;\n\t\t\t} <\/style>\n<\/div>\n\n\n\n<div class=\"wp-block-column is-layout-flow wp-block-column-is-layout-flow\">\n<div class=\"wp-block-vk-blocks-button vk_button vk_button-color-custom vk_button-7c1b317e-65b1-4e90-a7c4-08c5c66393a5 vk_button-align-wide is-style-shine\"><a href=\"https:\/\/lin.ee\/M6FPAbC\" class=\"vk_button_link btn has-background btn-md\" role=\"button\" aria-pressed=\"true\" rel=\"noopener\"><div class=\"vk_button_link_caption\"><i class=\"fa-brands fa-line vk_button_link_before\" style=\"font-size:30px\" aria-hidden=\"true\"><\/i><span class=\"vk_button_link_txt\">\u300e nico lab. \u300f LINE\u516c\u5f0f\u30a2\u30ab\u30a6\u30f3\u30c8<\/span><\/div><p class=\"vk_button_link_subCaption\">\u30c1\u30e3\u30c3\u30c8\u306b\u3066\u304a\u554f\u3044\u5408\u305b\u4e0b\u3055\u3044<\/p><\/a><\/div><style type=\"text\/css\">.vk_button-7c1b317e-65b1-4e90-a7c4-08c5c66393a5 .has-background {\n\t\t\t\tbackground-color: #12b378;\n\t\t\t\tborder: 1px solid #12b378;\n\t\t\t} <\/style>\n<\/div>\n<\/div>\n\n\n\n<p><\/p>\n","protected":false},"excerpt":{"rendered":"","protected":false},"author":1,"featured_media":0,"parent":0,"menu_order":0,"comment_status":"closed","ping_status":"closed","template":"","meta":{"vkexunit_cta_each_option":"","footnotes":""},"class_list":["post-980","page","type-page","status-publish","hentry"],"_links":{"self":[{"href":"https:\/\/nicolab-oki.com\/index.php?rest_route=\/wp\/v2\/pages\/980","targetHints":{"allow":["GET"]}}],"collection":[{"href":"https:\/\/nicolab-oki.com\/index.php?rest_route=\/wp\/v2\/pages"}],"about":[{"href":"https:\/\/nicolab-oki.com\/index.php?rest_route=\/wp\/v2\/types\/page"}],"author":[{"embeddable":true,"href":"https:\/\/nicolab-oki.com\/index.php?rest_route=\/wp\/v2\/users\/1"}],"replies":[{"embeddable":true,"href":"https:\/\/nicolab-oki.com\/index.php?rest_route=%2Fwp%2Fv2%2Fcomments&post=980"}],"version-history":[{"count":8,"href":"https:\/\/nicolab-oki.com\/index.php?rest_route=\/wp\/v2\/pages\/980\/revisions"}],"predecessor-version":[{"id":3158,"href":"https:\/\/nicolab-oki.com\/index.php?rest_route=\/wp\/v2\/pages\/980\/revisions\/3158"}],"wp:attachment":[{"href":"https:\/\/nicolab-oki.com\/index.php?rest_route=%2Fwp%2Fv2%2Fmedia&parent=980"}],"curies":[{"name":"wp","href":"https:\/\/api.w.org\/{rel}","templated":true}]}}